{"id":27,"date":"2024-10-26T10:40:12","date_gmt":"2024-10-26T08:40:12","guid":{"rendered":"https:\/\/alternativamasterskapen.se\/wp\/?page_id=27"},"modified":"2024-11-05T08:15:20","modified_gmt":"2024-11-05T07:15:20","slug":"__trashed","status":"publish","type":"page","link":"https:\/\/alternativamasterskapen.se\/wp\/__trashed\/","title":{"rendered":"Program och bed\u00f6mning"},"content":{"rendered":"\n<p>Du skapar sj\u00e4lv ett program som \u00e4r max 4 minuter l\u00e5ngt d\u00e4r samtliga obligatoriska moment ing\u00e5r.<\/p>\n\n\n\n<p><strong>H\u00e4r \u00e4r momenten och s\u00e5 h\u00e4r bed\u00f6ms de:<\/strong><\/p>\n\n\n\n<p><strong>Skritt<\/strong><\/p>\n\n\n\n<p>Skritt p\u00e5 rakt sp\u00e5r <em>minst <\/em>ca 20 meter, max 6,5 po\u00e4ng.<\/p>\n\n\n\n<p>F\u00f6r h\u00f6gre po\u00e4ng \u00e4n 6,5 i skritt erfordras <strong>ut\u00f6ver 20 m p\u00e5 rakt sp\u00e5r<\/strong> tex skritt p\u00e5 b\u00f6jda sp\u00e5r, skolor och\/eller sidv\u00e4rtsr\u00f6relser<\/p>\n\n\n\n<p>Bed\u00f6mning: Avslappning, fokus, kommunikation, vila i steget, hj\u00e4lper\/signalgivning, bjudning, h\u00e5llning och balans<\/p>\n\n\n\n<p><strong>Halt fr\u00e5n skritt<\/strong><\/p>\n\n\n\n<p>H\u00e4sten ska st\u00e5 still i ca 3 sekunder innan n\u00e4sta moment i programmet. St\u00e5r h\u00e4sten inte still kan man max f\u00e5 3,5 po\u00e4ng.<br>Bed\u00f6mning: Svarar p\u00e5 hj\u00e4lper\/signalgivning, stannar i balans, halten genomf\u00f6rs med trevlig h\u00e5llning.<\/p>\n\n\n\n<p><strong>Varvbyte<\/strong><\/p>\n\n\n\n<p>Enkelt varvbyte i skritt, v\u00e4nd snett igenom, v\u00e4nd r\u00e4tt upp eller rakt \u00f6ver banan max 5,0 vid ridning med huvudlag, max 6,0 vid ridning utan huvudlag.<\/p>\n\n\n\n<p>F\u00f6r h\u00f6gre po\u00e4ng kr\u00e4vs varvbyte i snabbare g\u00e5ngart eller mer avancerat tex framdelsv\u00e4ndning, bakdelsv\u00e4ndning, volt tillbaka, flera v\u00e4l genomf\u00f6rda varvbyten mm.<\/p>\n\n\n\n<p>Bed\u00f6mning: Hj\u00e4lper\/signalgivning, trevlig h\u00e5llning, v\u00e4nder i balans, j\u00e4mnt tempo genom v\u00e4ndningen, l\u00e4tt signalgivning.<\/p>\n\n\n\n<p><strong>Ryggning<\/strong><\/p>\n\n\n\n<p>Minst 2 steg kr\u00e4vs f\u00f6r att f\u00e5 po\u00e4ng f\u00f6r momentet.<\/p>\n\n\n\n<p>Extra viktigt att detta filmas fr\u00e5n sidan f\u00f6r att ge grund f\u00f6r en r\u00e4ttvis bed\u00f6mning. Detta f\u00f6r att se hj\u00e4lper\/signalgivning, h\u00e5llning och balans, att h\u00e4sten ryggar rakt.<\/p>\n\n\n\n<p>F\u00f6r h\u00f6gre po\u00e4ng \u00e4n 5,0 kr\u00e4vs minst 4 steg.<\/p>\n\n\n\n<p>F\u00f6r h\u00f6gre po\u00e4ng \u00e4n 6,5 kr\u00e4vs att man ryggar utan st\u00f6d av staket\/sarg<\/p>\n\n\n\n<p>Bed\u00f6mning: hj\u00e4lper\/signalgivning, h\u00e5llning, ryggar i balans, rakriktning, j\u00e4mnt tempo.<\/p>\n\n\n\n<p><strong>Snabbare g\u00e5ngart<\/strong><\/p>\n\n\n\n<p>Trav, t\u00f6lt och\/eller galopp<\/p>\n\n\n\n<p>Minst 30 meter, b\u00f6r kunna bed\u00f6mas \u00e4ven fr\u00e5n sidan, inte endast rakt framifr\u00e5n eller bakifr\u00e5n<\/p>\n\n\n\n<p>Max 6,5 po\u00e4ng om man endast rider\/springer p\u00e5 rakt sp\u00e5r<\/p>\n\n\n\n<p>F\u00f6r h\u00f6gre po\u00e4ng \u00e4n 6,5 kr\u00e4vs b\u00f6jda sp\u00e5r eller flera visade g\u00e5ngarter.<\/p>\n\n\n\n<p>Bed\u00f6mning: Korrekt st\u00e4lld, b\u00f6jd, bibeh\u00e5llen kommunikation, balanserat, trevlig h\u00e5llning, hj\u00e4lper\/signalgivning, \u00f6verg\u00e5ngar\/fattningar, avsp\u00e4nning, l\u00f6sgjordhet.<\/p>\n\n\n\n<p><strong>Halt fr\u00e5n snabbare g\u00e5ngart<\/strong><\/p>\n\n\n\n<p>F\u00f6r h\u00f6gre po\u00e4ng \u00e4n 5,0 f\u00e5r inte halten genomf\u00f6ras via skritt.<\/p>\n\n\n\n<p>H\u00e4sten ska st\u00e5 still i ca 3 sekunder innan n\u00e4sta moment i programmet. St\u00e5r h\u00e4sten inte still kan man max f\u00e5 3,5 po\u00e4ng.<\/p>\n\n\n\n<p>Bed\u00f6mning: Svarar p\u00e5 hj\u00e4lper\/signalgivning, stannar i balans, halten genomf\u00f6rs med trevlig h\u00e5llning<\/p>\n\n\n\n<p><strong>Rid\/g\u00e5 \u00f6ver ett objekt<\/strong><\/p>\n\n\n\n<p>F\u00f6r att f\u00e5 po\u00e4ng f\u00f6r momentet skall alla 4 hovar r\u00f6ra sig \u00f6ver hela objektet.<\/p>\n\n\n\n<p>F\u00f6r h\u00f6gre po\u00e4ng \u00e4n 5,0 kr\u00e4vs att man har mer \u00e4n en liggande bom p\u00e5 marken, tex hinder, upph\u00f6jda bommar, bro, lastpall, vippbr\u00e4da, presenning, transport eller liknande<\/p>\n\n\n\n<p>F\u00f6r h\u00f6gre po\u00e4ng \u00e4n 6,5 erfordras god balans, smidighet, kroppsmedvetenhet t.ex. inte sl\u00e5 i\/flytta objektet<\/p>\n\n\n\n<p>Bed\u00f6mning: Svarar p\u00e5 hj\u00e4lper\/signalgivning, kommunikation, samarbete, j\u00e4mt flyt\/tempo, balans<\/p>\n\n\n\n<p><strong>Visa valfritt trick eller f\u00e4rdighet<\/strong><\/p>\n\n\n\n<p>I uppsuttna klasser \u00e4r det till\u00e5tet att sitta av och visa detta moment, i avsuttna klassen \u00e4r det till\u00e5tet att sitta upp i detta moment.<\/p>\n\n\n\n<p>Om ryttaren utf\u00f6r trick som tex hela jorden runt eller st\u00e5r p\u00e5 h\u00e4sten eller liknande kan man inte f\u00e5 h\u00f6gra po\u00e4ng eller 5,0<\/p>\n\n\n\n<p>F\u00f6r h\u00f6gre po\u00e4ng \u00e4n 5,0 kr\u00e4vs att \u00e4ven h\u00e4sten \u00e4r involverad i tricket.<\/p>\n\n\n\n<p>Exempel p\u00e5 trick\/f\u00e4rdigheter h\u00e4sten lyfter p\u00e5 benen p\u00e5 signal, parkerar vid uppsittningspall, crunches, spansk skritt\/pantherwalk, l\u00e4gga presenning eller annan typ av f\u00f6rem\u00e5l \u00f6ver h\u00e4sten, rid med flagga\/paraply eller annat objekt, fritt f\u00f6lj, sparka boll. Alla roliga saker vi kan g\u00f6ra tillsammans med v\u00e5ra h\u00e4star!<\/p>\n\n\n\n<p>Bed\u00f6mning: Samspel, kontakt, signalgivning.<\/p>\n\n\n\n<p><strong>G\u00e4ller samtliga moment:<br><\/strong>Po\u00e4ngen kan p\u00e5verkas av om du visar momentet med eller utan huvudlag<\/p>\n\n\n\n<p><\/p>\n\n\n\n<p><strong>Du kan \u00e4ven v\u00e4lja att visa v\u00e5rt fasta program:<\/strong><\/p>\n\n\n\n<figure class=\"wp-block-image size-large\"><img loading=\"lazy\" decoding=\"async\" width=\"1024\" height=\"662\" src=\"https:\/\/alternativamasterskapen.se\/wp\/wp-content\/uploads\/2024\/10\/Fast-program-1024x662.png\" alt=\"\" class=\"wp-image-32\" srcset=\"https:\/\/alternativamasterskapen.se\/wp\/wp-content\/uploads\/2024\/10\/Fast-program-1024x662.png 1024w, https:\/\/alternativamasterskapen.se\/wp\/wp-content\/uploads\/2024\/10\/Fast-program-300x194.png 300w, https:\/\/alternativamasterskapen.se\/wp\/wp-content\/uploads\/2024\/10\/Fast-program-768x497.png 768w, https:\/\/alternativamasterskapen.se\/wp\/wp-content\/uploads\/2024\/10\/Fast-program.png 1073w\" sizes=\"auto, (max-width: 1024px) 100vw, 1024px\" \/><\/figure>\n\n\n\n<p>Det fasta programmet bed\u00f6ms s\u00e5h\u00e4r:<\/p>\n\n\n\n<p>Program:<br>H\u00e4lsa och starta ditt program fr\u00e5n halt. Kom fram i skritt<\/p>\n\n\n\n<ol class=\"wp-block-list\">\n<li>Skritt \u00f6ver bommar<\/li>\n\n\n\n<li>Halt fr\u00e5n skritt<\/li>\n\n\n\n<li>Varvbyte genom volt tillbaka eller bakdelsv\u00e4ndning<\/li>\n\n\n\n<li>Trav\/t\u00f6lt<\/li>\n\n\n\n<li>Serpentiner i trav\/t\u00f6lt<\/li>\n\n\n\n<li>Halt fr\u00e5n t\u00f6lt\/trav<\/li>\n\n\n\n<li>Rygga, minst 2 steg<\/li>\n\n\n\n<li>Snabbare g\u00e5ngart (galopp\/trav\/t\u00f6lt)<\/li>\n\n\n\n<li>\u00d6verg\u00e5ng till skritt och v\u00e4nd r\u00e4tt upp<\/li>\n\n\n\n<li>Rid \u00f6ver bron<\/li>\n\n\n\n<li>Valfritt trick eller f\u00e4rdighet<br>H\u00e4lsa och visa n\u00e4r ditt program \u00e4r avslutat<br><\/li>\n<\/ol>\n\n\n\n<p>Bed\u00f6mningspunkter:<\/p>\n\n\n\n<p>Skritt \u00f6ver bommar &#8211; Bed\u00f6mning: Avslappning, fokus, kommunikation, vila i steget,<br>hj\u00e4lper\/signalgivning, bjudning, h\u00e5llning och balans, svarar p\u00e5 hj\u00e4lper\/signalgivning,<br>kommunikation, samarbete, j\u00e4mt flyt\/tempo<br>F\u00f6r h\u00f6gre po\u00e4ng \u00e4n 6,5 erfordras god balans, smidighet, kroppsmedvetenhet t.ex. inte sl\u00e5 i<br>bommar.<\/p>\n\n\n\n<p>Halt fr\u00e5n skritt &#8211; H\u00e4sten ska st\u00e5 still i ca 3 sekunder innan n\u00e4sta moment i programmet. St\u00e5r<br>h\u00e4sten inte still kan man max f\u00e5 3,5 po\u00e4ng.<br>Bed\u00f6mning: Svarar p\u00e5 hj\u00e4lper\/signalgivning, stannar i balans, halten genomf\u00f6rs med trevlig<br>h\u00e5llning.<\/p>\n\n\n\n<p>Varvbyte genom volt tillbaka eller bakdelsv\u00e4ndning &#8211; Bed\u00f6mning: Hj\u00e4lper\/signalgivning,<br>trevlig h\u00e5llning, v\u00e4nder i balans, j\u00e4mnt tempo genom v\u00e4ndningen, l\u00e4tt signalgivning.<br>F\u00f6r h\u00f6gre po\u00e4ng \u00e4n 6,5 kr\u00e4vs bakdelsv\u00e4ndning.<\/p>\n\n\n\n<p>Trav\/t\u00f6lt &#8211; Bed\u00f6mning: Korrekt st\u00e4lld, b\u00f6jd, bibeh\u00e5llen kommunikation, balanserat, trevlig<br>h\u00e5llning, hj\u00e4lper\/signalgivning, \u00f6verg\u00e5ngar\/fattningar, avsp\u00e4nning, l\u00f6sgjordhet.<\/p>\n\n\n\n<p>Serpentiner i trav\/t\u00f6lt &#8211; Bed\u00f6mning: Korrekt st\u00e4lld, b\u00f6jd, bibeh\u00e5llen kommunikation,<br>balanserat, trevlig h\u00e5llning, hj\u00e4lper\/signalgivning, \u00f6verg\u00e5ngar\/fattningar, avsp\u00e4nning,<br>l\u00f6sgjordhet, v\u00e4nder i balans, j\u00e4mnt tempo genom v\u00e4ndningen.<\/p>\n\n\n\n<p>Halt fr\u00e5n snabbare g\u00e5ngart &#8211; Bed\u00f6mning: Svarar p\u00e5 hj\u00e4lper\/signalgivning, stannar i balans,<br>halten genomf\u00f6rs med trevlig h\u00e5llning.<br>F\u00f6r h\u00f6gre po\u00e4ng \u00e4n 5,0 f\u00e5r inte halten genomf\u00f6ras via skritt.<br>H\u00e4sten ska st\u00e5 still i ca 3 sekunder innan n\u00e4sta moment i programmet. St\u00e5r h\u00e4sten inte still<br>kan man max f\u00e5 3,5 po\u00e4ng.<\/p>\n\n\n\n<p>Rygga &#8211; Bed\u00f6mning: hj\u00e4lper\/signalgivning, h\u00e5llning, ryggar i balans, rakriktning, j\u00e4mnt<br>tempo.<br>Minst 2 steg kr\u00e4vs f\u00f6r att f\u00e5 po\u00e4ng f\u00f6r momentet.<br>F\u00f6r h\u00f6gre po\u00e4ng \u00e4n 5,0 kr\u00e4vs minst 4 steg.<\/p>\n\n\n\n<p>Snabbare g\u00e5ngart (galopp\/trav\/t\u00f6lt) &#8211; Bed\u00f6mning: Korrekt st\u00e4lld, b\u00f6jd, bibeh\u00e5llen<br>kommunikation, balanserat, trevlig h\u00e5llning, hj\u00e4lper\/signalgivning, \u00f6verg\u00e5ngar\/fattningar,<br>avsp\u00e4nning, l\u00f6sgjordhet.<\/p>\n\n\n\n<p>\u00d6verg\u00e5ng till skritt och v\u00e4nd r\u00e4tt upp &#8211; Bed\u00f6mning: Svarar p\u00e5 hj\u00e4lper\/signalgivning, saktar<br>ner i balans med trevlig h\u00e5llning.<\/p>\n\n\n\n<p>Bro &#8211; Bed\u00f6mning: Svarar p\u00e5 hj\u00e4lper\/signalgivning, kommunikation, samarbete, j\u00e4mt<br>flyt\/tempo, balans<br>F\u00f6r att f\u00e5 po\u00e4ng f\u00f6r momentet skall alla 4 hovar r\u00f6ra sig \u00f6ver hela bron.<br>F\u00f6r h\u00f6gre po\u00e4ng \u00e4n 6,5 erfordras god balans, smidighet, kroppsmedvetenhet t.ex. inte sl\u00e5<br>i\/flytta objektet<\/p>\n\n\n\n<p>Valfritt trick eller f\u00e4rdighet &#8211; Bed\u00f6mning: Samspel, kontakt, signalgivning.<br>Det \u00e4r till\u00e5tet att sitta av och visa detta moment.<br>Om ryttaren utf\u00f6r trick som t.ex. \u201dhela jorden runt\u201d eller st\u00e5r p\u00e5 h\u00e4sten eller liknande kan<br>man inte f\u00e5 h\u00f6gre po\u00e4ng \u00e4n 5,0. F\u00f6r h\u00f6gre po\u00e4ng \u00e4n 5,0 kr\u00e4vs att \u00e4ven h\u00e4sten \u00e4r involverad i<br>tricket.<br>Exempel p\u00e5 trick\/f\u00e4rdigheter; h\u00e4sten lyfter p\u00e5 benen p\u00e5 signal, parkerar vid uppsittningspall,<br>crunches, spansk skritt\/pantherwalk, l\u00e4gga presenning eller annan typ av f\u00f6rem\u00e5l \u00f6ver<br>h\u00e4sten, rid med flagga\/paraply eller annat objekt, fritt f\u00f6lj, sparka boll. Alla roliga saker vi kan<br>g\u00f6ra tillsammans med v\u00e5ra h\u00e4star!<br>Ev. rekvisita som beh\u00f6vs till tricket f\u00e5r l\u00e4ggas in p\u00e5 banan innan programstart.<\/p>\n\n\n\n<p>Kontakt inom ekipaget: H\u00e4r bed\u00f6ms samspelet, ett j\u00e4mnt flyt och den generella kontakten<br>inom ekipaget. H\u00e4stens balans, avslappnings- och l\u00f6sgjordhetsgrad samt lyh\u00f6rdhet f\u00f6r<br>ryttarens signaler.<\/p>\n\n\n\n<p>F\u00f6rm\u00e5gan att visa fler snabba g\u00e5ngarter: Programmet ger m\u00f6jlighet att visa b\u00e5de<br>t\u00f6lt\/trav\/galopp men det \u00e4r inget krav. Denna bed\u00f6mningspunkt d\u00f6mer ekipagets<br>m\u00e5ngsidighet att visa fler antal snabba g\u00e5ngarter. F\u00f6r h\u00f6gre po\u00e4ng \u00e4n 5,0 p\u00e5 denna punkt<br>kr\u00e4vs det att man visat mer \u00e4n en snabbare g\u00e5ngart p\u00e5 de olika programpunkterna.<br>En snabbare g\u00e5ngart visad kan ge max 5,0 po\u00e4ng. Tv\u00e5 visade g\u00e5ngarter kan ge max 7,0 po\u00e4ng<br>och tre visade g\u00e5ngarter (trav\/t\u00f6lt\/galopp) kan ge max 10,0 po\u00e4ng.<br>G\u00e4ller samtliga moment:<br>Po\u00e4ngen kan p\u00e5verkas av om du visar momentet med eller utan huvudlag<\/p>\n","protected":false},"excerpt":{"rendered":"<p>Du skapar sj\u00e4lv ett program som \u00e4r max 4 minuter l\u00e5ngt d\u00e4r samtliga obligatoriska moment ing\u00e5r. H\u00e4r \u00e4r momenten och s\u00e5 h\u00e4r bed\u00f6ms de: Skritt Skritt p\u00e5 rakt sp\u00e5r minst ca 20 meter, max 6,5 po\u00e4ng. F\u00f6r h\u00f6gre po\u00e4ng \u00e4n 6,5 i skritt erfordras ut\u00f6ver 20 m p\u00e5 rakt sp\u00e5r tex skritt p\u00e5 b\u00f6jda sp\u00e5r, [&hellip;]<\/p>\n","protected":false},"author":2,"featured_media":0,"parent":0,"menu_order":0,"comment_status":"closed","ping_status":"closed","template":"","meta":{"pagelayer_contact_templates":[],"_pagelayer_content":"","footnotes":""},"class_list":["post-27","page","type-page","status-publish","hentry"],"_links":{"self":[{"href":"https:\/\/alternativamasterskapen.se\/wp\/wp-json\/wp\/v2\/pages\/27","targetHints":{"allow":["GET"]}}],"collection":[{"href":"https:\/\/alternativamasterskapen.se\/wp\/wp-json\/wp\/v2\/pages"}],"about":[{"href":"https:\/\/alternativamasterskapen.se\/wp\/wp-json\/wp\/v2\/types\/page"}],"author":[{"embeddable":true,"href":"https:\/\/alternativamasterskapen.se\/wp\/wp-json\/wp\/v2\/users\/2"}],"replies":[{"embeddable":true,"href":"https:\/\/alternativamasterskapen.se\/wp\/wp-json\/wp\/v2\/comments?post=27"}],"version-history":[{"count":6,"href":"https:\/\/alternativamasterskapen.se\/wp\/wp-json\/wp\/v2\/pages\/27\/revisions"}],"predecessor-version":[{"id":47,"href":"https:\/\/alternativamasterskapen.se\/wp\/wp-json\/wp\/v2\/pages\/27\/revisions\/47"}],"wp:attachment":[{"href":"https:\/\/alternativamasterskapen.se\/wp\/wp-json\/wp\/v2\/media?parent=27"}],"curies":[{"name":"wp","href":"https:\/\/api.w.org\/{rel}","templated":true}]}}